{"id":1975,"date":"2024-02-17T23:04:51","date_gmt":"2024-02-17T20:04:51","guid":{"rendered":"https:\/\/ritaspark.com\/privacy-policy\/"},"modified":"2024-05-01T12:44:30","modified_gmt":"2024-05-01T09:44:30","slug":"privacy-policy","status":"publish","type":"page","link":"https:\/\/ritaspark.com\/sl\/privacy-policy\/","title":{"rendered":"\u041f\u043e\u043b\u0438\u0442\u0438\u043a\u0430 \u043a\u043e\u043d\u0444\u0438\u0434\u0435\u043d\u0446\u0438\u0430\u043b\u044c\u043d\u043e\u0441\u0442\u0438"},"content":{"rendered":"\t\t<div data-elementor-type=\"wp-page\" data-elementor-id=\"1975\" class=\"elementor elementor-1975\" data-elementor-post-type=\"page\">\n\t\t\t\t<div class=\"elementor-element elementor-element-f7b8438 e-flex e-con-boxed e-con e-parent\" data-id=\"f7b8438\" data-element_type=\"container\" data-settings=\"{&quot;background_background&quot;:&quot;classic&quot;}\">\n\t\t\t\t\t<div class=\"e-con-inner\">\n\t\t<div class=\"elementor-element elementor-element-865f365 e-flex e-con-boxed e-con e-child\" data-id=\"865f365\" data-element_type=\"container\">\n\t\t\t\t\t<div class=\"e-con-inner\">\n\t\t\t\t<div class=\"elementor-element elementor-element-6b60ec1 elementor-widget elementor-widget-image\" data-id=\"6b60ec1\" data-element_type=\"widget\" data-settings=\"{&quot;ekit_we_effect_on&quot;:&quot;none&quot;}\" data-widget_type=\"image.default\">\n\t\t\t\t<div class=\"elementor-widget-container\">\n\t\t\t\t\t\t\t\t\t\t\t\t\t\t<a href=\"https:\/\/ritaspark.com\/sl\/\">\n\t\t\t\t\t\t\t<img decoding=\"async\" width=\"108\" height=\"43\" src=\"https:\/\/ritaspark.com\/wp-content\/uploads\/2024\/04\/logo3.svg\" class=\"attachment-full size-full wp-image-1982\" alt=\"\" \/>\t\t\t\t\t\t\t\t<\/a>\n\t\t\t\t\t\t\t\t\t\t\t\t\t<\/div>\n\t\t\t\t<\/div>\n\t\t\t\t\t<\/div>\n\t\t\t\t<\/div>\n\t\t\t\t\t<\/div>\n\t\t\t\t<\/div>\n\t\t<div class=\"elementor-element elementor-element-1fb51baf e-flex e-con-boxed e-con e-parent\" data-id=\"1fb51baf\" data-element_type=\"container\">\n\t\t\t\t\t<div class=\"e-con-inner\">\n\t\t\t\t<div class=\"elementor-element elementor-element-701ba21 elementor-widget elementor-widget-heading\" data-id=\"701ba21\" data-element_type=\"widget\" data-settings=\"{&quot;ekit_we_effect_on&quot;:&quot;none&quot;}\" data-widget_type=\"heading.default\">\n\t\t\t\t<div class=\"elementor-widget-container\">\n\t\t\t<h2 class=\"elementor-heading-title elementor-size-default\">Politika zasebnosti<\/h2>\t\t<\/div>\n\t\t\t\t<\/div>\n\t\t\t\t<div class=\"elementor-element elementor-element-33b782ce elementor-widget elementor-widget-text-editor\" data-id=\"33b782ce\" data-element_type=\"widget\" data-settings=\"{&quot;ekit_we_effect_on&quot;:&quot;none&quot;}\" data-widget_type=\"text-editor.default\">\n\t\t\t\t<div class=\"elementor-widget-container\">\n\t\t\t\t\t\t\t<p><strong>Politika zasebnosti RitaSpark.com<\/strong><\/p><p>RitaSpark.com se zavezuje, da bo ohranil va\u0161o zasebnost na na\u0161i spletni strani. Varovanje podatkov, ki nam jih posredujete, je za nas zelo pomembno.<\/p><p>Pred uporabo spletnega mesta natan\u010dno preberite to politiko zasebnosti.<\/p><p><strong>1. Splo\u0161ne dolo\u010dbe<\/strong><\/p><p>Ta politika obdelave osebnih podatkov je pripravljena v skladu z ustavo Ruske federacije, civilnim zakonikom Ruske federacije, zveznim zakonom z dne 27. julija 2006 \u0161t. 149-FZ \u201cO informacijah, informacijskih tehnologijah in varstvu informacij\u201d, zveznim zakonom z dne 27. julija 2006 \u0161t. 152-FZ \u201cO osebnih podatkih\u201d (v nadaljevanju \u2013 zvezni zakon \u201cO osebnih podatkih\u201d) in regulativnimi pravnimi akti Ruske federacije, sprejetimi v skladu z njimi, ter dolo\u010da red obdelave osebnih podatkov in ukrepe uprave za zagotovitev varnosti osebnih podatkov.<\/p><p>1.1. Upravljavec si kot najpomembnej\u0161i cilj in pogoj svojega delovanja postavlja spo\u0161tovanje \u010dlovekovih in dr\u017eavljanskih pravic in svobo\u0161\u010din pri obdelavi osebnih podatkov, vklju\u010dno z varstvom pravic do zasebnosti, osebne in dru\u017einske skrivnosti.<\/p><p>1.2. Ta politika upravljavca o obdelavi osebnih podatkov (v nadaljnjem besedilu: politika) velja za vse informacije, ki jih upravljavec lahko pridobi o obiskovalcih spletnega mesta RitaSpark.com (v nadaljnjem besedilu: spletno mesto).<\/p><p>1.3. Namen tega pravilnika je zagotoviti ustrezno za\u0161\u010dito osebnih podatkov, ki jih uporabnik posreduje o sebi pri uporabi spletnega mesta ali v postopku registracije, po\u0161iljanja sporo\u010dila prek kontaktnega obrazca, po\u0161iljanja vloge za nakup storitev.<\/p><p>1.4. Z registracijo na spletnem mestu in uporabo spletnega mesta uporabnik izrazi popolno strinjanje s pogoji te politike.<\/p><p><strong>2. Osnovni pojmi, uporabljeni v Pravilniku:<\/strong><\/p><p>2.1. Osebni podatki \u2013 vse informacije, ki se neposredno ali posredno nana\u0161ajo na dolo\u010denega ali dolo\u010denega uporabnika spletnega mesta;<\/p><p>2.2. Spletno mesto \u2013 skupek logi\u010dno povezanih spletnih strani (spletnih dokumentov), ki se nahajajo v internetu na naslovu: https:\/\/RitaSpark.com;<\/p><p>2.3. Uporabnik \u2013 vsaka oseba, obiskovalec spletnega mesta, kot tudi oseba, ki je upravljavcu posredovala podatke z uporabo spletnega mesta;<\/p><p>2.4. Posredovanje osebnih podatkov \u2013 dejanja, katerih namen je razkritje osebnih podatkov dolo\u010deni osebi ali dolo\u010denemu krogu oseb<\/p><p>2.5. Raz\u0161irjanje osebnih podatkov \u2013 dejanja, katerih namen je razkritje osebnih podatkov nedolo\u010denemu \u0161tevilu oseb (prenos osebnih podatkov) ali seznanitev z osebnimi podatki neomejenega \u0161tevila oseb, vklju\u010dno z razkritjem osebnih podatkov v sredstvih javnega obve\u0161\u010danja, umestitvijo v informacijska in telekomunikacijska omre\u017eja ali omogo\u010danjem dostopa do osebnih podatkov na kakr\u0161en koli drug na\u010din;<\/p><p>2.6. Obdelava osebnih podatkov \u2013 vsako dejanje (operacija) ali niz dejanj (operacij) z osebnimi podatki, ki se izvaja z ali brez uporabe avtomatskih sredstev, vklju\u010dno z zbiranjem, zapisovanjem, sistematizacijo, zbiranjem, shranjevanjem, pojasnjevanjem (posodobitvijo, spremembo), pridobivanjem, uporabo, prenosom (distribucija, zagotavljanje, dostop), depersonalizacijo, blokiranjem, brisanjem, uni\u010denjem osebnih podatkov.<\/p><p>2.7. Avtomatizirana obdelava osebnih podatkov \u2013 obdelava osebnih podatkov s pomo\u010djo ra\u010dunalni\u0161ke opreme;<\/p><p>2.8. Informacijski sistem osebnih podatkov \u2013 zbirka osebnih podatkov, vsebovanih v zbirkah podatkov in informacijskih tehnologijah ter tehni\u010dnih sredstvih, ki zagotavljajo njihovo obdelavo;<\/p><p>2.9. depersonalizacija osebnih podatkov \u2013 dejanja, zaradi katerih postane nemogo\u010de dolo\u010diti pripadnost osebnih podatkov dolo\u010denemu posamezniku, na katerega se nana\u0161ajo osebni podatki, brez uporabe dodatnih informacij;<\/p><p>2.10. blokiranje osebnih podatkov \u2013 za\u010dasna prekinitev obdelave osebnih podatkov (razen v primerih, ko je obdelava potrebna za razjasnitev osebnih podatkov);<\/p><p>2.11. Uni\u010denje osebnih podatkov \u2013 dejanja, zaradi katerih postane nemogo\u010de obnoviti vsebino osebnih podatkov v informacijskem sistemu osebnih podatkov in (ali) zaradi katerih se uni\u010dijo materialni nosilci osebnih podatkov;<\/p><p>2.12. \u010cezmejni prenos osebnih podatkov \u2013 prenos osebnih podatkov na ozemlje tuje dr\u017eave tujemu dr\u017eavnemu organu, tuji fizi\u010dni osebi ali tuji pravni osebi.<\/p><p><strong>3. Osebni podatki uporabnika<\/strong><\/p><p>3.1. Upravljavec lahko obdeluje naslednje osebne podatke uporabnika:<\/p><p>\u2013 Priimek, ime in priimek.<\/p><p>\u2013 Elektronski naslov.<\/p><p>\u2013 Telefonske \u0161tevilke.<\/p><p>Zgoraj navedeni podatki so v nadaljevanju besedila Pravilnika zdru\u017eeni s splo\u0161nim izrazom osebni podatki.<\/p><p>3.2. Upravljavec obdeluje osebne podatke Uporabnikov, ki so poslali sporo\u010dilo prek kontaktnega obrazca ter se naro\u010dili na e-po\u0161to, dru\u017ebena omre\u017eja prek ustreznih naro\u010dni\u0161kih obrazcev na spletnem mestu.<\/p><p>3.3. Upravljavec ne obdeluje posebnih kategorij osebnih podatkov v zvezi z raso, narodnostjo, politi\u010dnimi pogledi, verskim ali filozofskim prepri\u010danjem, intimnim \u017eivljenjem.<\/p><p>3.4. Uporabnikova privolitev v obdelavo osebnih podatkov, odobrenih za raz\u0161irjanje, se izvede lo\u010deno od drugih privolitev v obdelavo njegovih osebnih podatkov. Soglasje za obdelavo osebnih podatkov, odobrenih za raz\u0161irjanje, uporabnik poda neposredno upravljavcu.<\/p><p>3.5. Prenos (distribucija, posredovanje, dostop) osebnih podatkov, ki jih je uporabnik odobril za distribucijo, se na zahtevo uporabnika kadar koli ustavi. Ta zahteva mora vsebovati priimek, ime, patronat (\u010de obstaja), kontaktne podatke (telefonsko \u0161tevilko, elektronski ali po\u0161tni naslov) posameznika, na katerega se nana\u0161ajo osebni podatki, ter seznam osebnih podatkov, katerih obdelavo je treba ustaviti. Osebne podatke, navedene v tej zahtevi, lahko obdeluje samo upravljavec, ki mu je poslana.<\/p><p>3.6. Soglasje za obdelavo osebnih podatkov, ki so odobreni za raz\u0161irjanje, preneha veljati od trenutka, ko upravljavec prejme zahtevo.<\/p><p>3.7. Upravljavec namenoma ne obdeluje osebnih podatkov mladoletnih oseb. Upravljavec priporo\u010da uporabo spletnega mesta osebam, ki so dopolnile 18 let. Odgovornost za dejanja mladoletnih oseb, vklju\u010dno z njihovim nakupom storitev na spletnem mestu, nosijo zakoniti zastopniki mladoletnih oseb. Vsi obiskovalci, mlaj\u0161i od 18 let, morajo pred posredovanjem kakr\u0161nih koli osebnih podatkov o sebi pridobiti dovoljenje svojih zakonitih zastopnikov. \u010ce upravljavec ugotovi, da je pridobil osebne podatke o mladoletni osebi brez soglasja zakonitih zastopnikov, bo tak\u0161ne podatke v najkraj\u0161em mo\u017enem \u010dasu izbrisal.<\/p><p><strong>4. Namen obdelave osebnih podatkov uporabnika:<\/strong><\/p><p>4.1. Za registracijo in identifikacijo na spletnem mestu<\/p><p>4.2. Za sklepanje, izpolnjevanje in prekinitev pogodb za pla\u010dljive storitve, ki jih je kupil uporabnik.<\/p><p>4.3. Za vzpostavitev in vzdr\u017eevanje komunikacije med uporabnikom in upravljavcem<\/p><p>4.4. Uporabniku omogo\u010diti dostop do storitev, informacij in gradiv, ki jih vsebuje spletno mesto<\/p><p>4.5. Za po\u0161iljanje oglasnih sporo\u010dil s po\u0161iljanjem elektronske po\u0161te 4.6.<\/p><p>4.6. Za po\u0161iljanje obvestil in obve\u0161\u010danje Uporabnika o novih storitvah, posebnih ponudbah in dogodkih s po\u0161iljanjem e-sporo\u010dil. Uporabnik lahko vedno zavrne prejemanje informativnih sporo\u010dil tako, da upravljavcu po\u0161lje elektronsko sporo\u010dilo na naslednji elektronski naslov: admin@ritaspark.com s pripisom \u201cZavrnitev obvestil o novih storitvah in posebnih ponudbah\u201d.<\/p><p>4.7. Izbolj\u0161anje kakovosti spletnega mesta in njegovega pravilnega prikaza.<\/p><p>4.8. Za izbolj\u0161anje kakovosti storitev za uporabnike in izbolj\u0161anje vsebine spletnega mesta, izbolj\u0161anje funkcionalnosti spletnega mesta ter ustvarjanje kakovostnih vsebin in storitev. Spletno mesto zbira in obdeluje anonimizirane podatke o obiskovalcih, vklju\u010dno s pi\u0161kotki (naslov IP, podatki o brskalniku, \u010das dostopa do spletnega mesta, naslov strani, na kateri se nahaja ogla\u0161evalski blok, referer (naslov prej\u0161nje strani). S pomo\u010djo teh podatkov se zbirajo informacije o dejavnostih obiskovalcev na spletnem mestu. Vendar s temi podatki ni mogo\u010de ugotoviti identitete obiskovalca. Uporabnik lahko v brskalniku sam nastavi sprejemanje ali blokiranje pi\u0161kotkov. Nesprejemanje pi\u0161kotkov lahko omeji funkcionalnost spletnega mesta.<\/p><p>4.9. Za vzdr\u017eevanje in izbolj\u0161anje storitev in razdelkov spletnega mesta se podatki o dejanjih uporabnikov na spletnem mestu zbirajo z uporabo storitev internetne statistike (Yandex Metrica in Google Analytics ter drugih).<\/p><p><strong>5. Pravne podlage za obdelavo osebnih podatkov<\/strong><\/p><p>5.1. Pravne podlage za obdelavo osebnih podatkov s strani upravljavca so:<\/p><p>\u2013 pogodbe, sklenjene med upravljavcem in uporabnikom;<\/p><p>\u2013 zvezni zakoni, drugi pravni akti s podro\u010dja varstva osebnih podatkov;<\/p><p>\u2013 soglasje uporabnikov za obdelavo njihovih osebnih podatkov, za obdelavo osebnih podatkov, odobrenih za raz\u0161irjanje.<\/p><p>5.2. Upravljavec obdeluje osebne podatke uporabnika le, \u010de jih uporabnik sam izpolni in\/ali po\u0161lje prek posebnih obrazcev, ki se nahajajo na spletnem mestu, ali jih po\u0161lje upravljavcu po elektronski po\u0161ti.<\/p><p>Uporabnik se strinja s pogoji Politike in daje upravljavcu soglasje za obdelavo svojih osebnih podatkov, kadar:<\/p><p>\u2013 izpolni obrazec za povratne informacije, vlogo za nakup storitve, vlogo za uporabo drugih storitev spletnega mesta. \u0160teje se, da je privolitev v obdelavo osebnih podatkov, vnesenih v polja obrazca za povratne informacije, dana v trenutku pritiska na gumb za potrditev po\u0161iljanja vloge (gumbi se lahko imenujejo \u201cPo\u0161lji\u201d in na drug podoben na\u010din).<\/p><p>\u2013 prijava na prejemanje informacij in novic upravljavca ter izpolnitev ustreznega obrazca na spletnem mestu. \u0160teje se, da je privolitev podana po ozna\u010ditvi polja \u201cSogla\u0161am z obdelavo osebnih podatkov\u201d v trenutku pritiska na gumb \u201cNaro\u010dite se\u201d.<\/p><p>\u2013 ob oddaji vloge za sklenitev ustrezne pogodbe o storitvah (sprejem javne ponudbe) ali neposredno ob pla\u010dilu storitev po navedeni pogodbi (sprejem javne ponudbe) z ozna\u010ditvijo posebnega polja \u201cSogla\u0161am z obdelavo osebnih podatkov\u201d ali z drugim obvestilom podobnega pomena. Posebna pisna privolitev ni potrebna.<\/p><p>5.3. Upravljavec obdeluje anonimizirane podatke o uporabniku, \u010de je to dovoljeno v nastavitvah uporabnikovega brskalnika (omogo\u010deno shranjevanje pi\u0161kotkov in uporaba tehnologije JavaScript).<\/p><p>5.4. Uporabnik se samostojno odlo\u010da o posredovanju svojih osebnih podatkov in daje soglasje svobodno, po svoji volji in v svojem interesu. Uporabnik nosi tveganje posredovanja neto\u010dnih ali nezadostnih podatkov.<\/p><p><strong>6. Postopek zbiranja, shranjevanja, prenosa in drugih vrst obdelave osebnih podatkov<\/strong><\/p><p>6.1. Varnost osebnih podatkov, ki jih upravljavec obdeluje, je zagotovljena z izvajanjem pravnih, organizacijskih in tehni\u010dnih ukrepov, ki so potrebni za popolno izpolnjevanje zahtev veljavne zakonodaje na podro\u010dju varstva osebnih podatkov.<\/p><p>6.2. Upravljavec zagotavlja varnost osebnih podatkov in sprejema vse mo\u017ene ukrepe za izklju\u010ditev dostopa nepoobla\u0161\u010denih oseb do osebnih podatkov.<\/p><p>6.3. Uporabnikovi osebni podatki se nikoli in pod nobenim pogojem ne bodo posredovali tretjim osebam, razen v primerih, povezanih z izvajanjem veljavne zakonodaje, ali \u010de je posameznik, na katerega se nana\u0161ajo osebni podatki, dal upravljavcu soglasje za posredovanje podatkov tretji osebi zaradi izpolnjevanja obveznosti na podlagi pogodbe civilnega prava.<\/p><p>6.4. V primeru ugotovljenih neto\u010dnosti v osebnih podatkih jih lahko uporabnik samostojno posodobi tako, da upravljavcu po\u0161lje obvestilo na njegov elektronski naslov z oznako \u201cPosodobitev osebnih podatkov\u201d.<\/p><p>6.5. Obdobje obdelave osebnih podatkov je dolo\u010deno z doseganjem namenov, za katere so bili osebni podatki zbrani, razen \u010de ni s pogodbo ali veljavno zakonodajo dolo\u010deno druga\u010dno obdobje.<\/p><p>6.6. Uporabnik lahko kadar koli prekli\u010de svojo privolitev za obdelavo osebnih podatkov, tako da upravljavcu po\u0161lje obvestilo po elektronski po\u0161ti na upravljav\u010dev elektronski naslov z oznako \u201cPreklic privolitve za obdelavo osebnih podatkov\u201d.<\/p><p>6.7. Vse podatke, ki jih zbirajo storitve tretjih oseb, vklju\u010dno s pla\u010dilnimi sistemi, komunikacijskimi sredstvi in drugimi ponudniki storitev, hranijo in obdelujejo te osebe (Operaterji) v skladu z njihovo uporabni\u0161ko pogodbo in politiko zasebnosti. Posameznik, na katerega se nana\u0161ajo osebni podatki, in\/ali uporabnik se je dol\u017ean pravo\u010dasno seznaniti z navedenimi dokumenti. Upravljavec ni odgovoren za dejanja tretjih oseb, vklju\u010dno s ponudniki storitev, navedenimi v tej to\u010dki.<\/p><p>6.8. Prepovedi, ki jih uporabnik dolo\u010di glede prenosa (razen odobritve dostopa) ter obdelave ali pogojev obdelave (razen pridobitve dostopa) osebnih podatkov, odobrenih za raz\u0161irjanje, se ne uporabljajo v primerih obdelave osebnih podatkov v dr\u017eavnem, javnem in drugem javnem interesu, opredeljenem z zakonodajo Ruske federacije.<\/p><p>6.9. Upravljavec pri obdelavi osebnih podatkov zagotavlja zaupnost osebnih podatkov.<\/p><p>6.10. Upravljavec hrani osebne podatke v obliki, ki omogo\u010da identifikacijo posameznika, na katerega se nana\u0161ajo osebni podatki, najve\u010d toliko \u010dasa, kot je potrebno za namene obdelave osebnih podatkov, razen \u010de je rok hrambe osebnih podatkov dolo\u010den z zvezno zakonodajo, pogodbo, katere stranka, upravi\u010denec ali garant je posameznik, na katerega se nana\u0161ajo osebni podatki.<\/p><p>6.11. Pogoj za prenehanje obdelave osebnih podatkov je lahko doseganje namenov obdelave osebnih podatkov, iztek soglasja posameznika, na katerega se nana\u0161ajo osebni podatki, ali preklic soglasja s strani posameznika, na katerega se nana\u0161ajo osebni podatki, ter odkritje nezakonite obdelave osebnih podatkov.<\/p><p><strong>7. \u010cezmejni prenos osebnih podatkov<\/strong><\/p><p>7.1. Upravljavec je pred za\u010detkom \u010dezmejnega prenosa osebnih podatkov dol\u017ean zagotoviti, da tuja dr\u017eava, na katere ozemlje se bo izvedel prenos osebnih podatkov, zagotavlja zanesljivo varstvo pravic posameznikov, na katere se nana\u0161ajo osebni podatki.<\/p><p>7.2. \u010cezmejni prenos osebnih podatkov na ozemlja tujih dr\u017eav, ki ne izpolnjujejo zgornjih zahtev, se lahko izvede le, \u010de posameznik, na katerega se nana\u0161ajo osebni podatki, pisno sogla\u0161a s \u010dezmejnim prenosom svojih osebnih podatkov in\/ali izpolni pogodbo, katere stranka je posameznik, na katerega se nana\u0161ajo osebni podatki.<\/p><p><strong>8. Zaupnost osebnih podatkov<\/strong><\/p><p>8.1. Upravljavec in druge osebe, ki imajo dostop do osebnih podatkov, so dol\u017eni osebnih podatkov ne razkriti tretjim osebam in jih ne raz\u0161irjati brez privolitve posameznika, na katerega se osebni podatki nana\u0161ajo, razen \u010de zvezni zakon dolo\u010da druga\u010de.<\/p><p>8.2. V nekaterih primerih (objava pri\u010devanj) se osebni podatki uporabnika raz\u0161irjajo z objavo na spletnem mestu in na straneh uradnih skupnosti v dru\u017ebenih omre\u017ejih ter na kanalu Youtube.<\/p><p>Za objavo mnenj se lahko obdeluje naslednji obseg osebnih podatkov: Priimek, ime, fotografija uporabnika v dru\u017eabnih omre\u017ejih.<\/p><p>Pred objavo povratnih informacij mora upravljavec pridobiti uporabnikovo soglasje za distribucijo. Hkrati upravljavec pojasni, kateri podatki, za katere namene in na kak\u0161en na\u010din bodo uporabljeni. Uporabnik lahko dolo\u010di prepoved, da upravljavec posreduje (razen za odobritev dostopa) in\/ali obdeluje ali pogoje obdelave (razen za pridobitev dostopa) osebnih podatkov, ki jih je uporabnik odobril za raz\u0161irjanje, neomejenemu \u0161tevilu oseb. Brez lo\u010dene informirane in zavestne privolitve uporabnika se osebni podatki ne smejo raz\u0161irjati.<\/p><p>Soglasje k tej politiki ne vklju\u010duje soglasja za raz\u0161irjanje osebnih podatkov.<\/p><p>8.4. Upravljavec ni odgovoren za morebitno zlorabo osebnih podatkov in povzro\u010ditev kakr\u0161ne koli \u0161kode posamezniku, na katerega se osebni podatki nana\u0161ajo, zaradi<\/p><p>tehni\u010dnih napak v programski opremi ter v tehni\u010dnih sredstvih in omre\u017ejih, na katere upravljavec nima vpliva;<br \/>zaradi namerne ali nenamerne uporabe upravljav\u010devega spletnega mesta s strani tretjih oseb za namene, ki niso predvideni;<br \/>nezagotavljanja zaupnosti gesel za dostop ali namernega prenosa gesel za dostop ali drugih informacij s spletnega mesta s strani subjekta osebnih podatkov pri uporabi spletnega mesta na druge osebe, ki nimajo dostopa do teh informacij;<br \/>nezakonita dejanja tretjih oseb za dostop do podatkov spletnega mesta, vklju\u010dno z osebnimi podatki.<\/p><p>8.5. Upravljavec ni odgovoren za obdelavo osebnih podatkov tretjih oseb, ki jih je uporabnik spletnega mesta navedel kot svoje. Tveganje privedbe pod odgovornost v tem primeru nosi uporabnik spletnega mesta, ki je posredoval neto\u010dne podatke.<\/p><p>8.6. Upravljavec ne nadzira in ni odgovoren za vsebino in obdelavo informacij na spletnih straneh tretjih oseb, do katerih lahko uporabnik dostopa prek povezav, ki so na voljo na spletnem mestu upravljavca. Priporo\u010dljivo je, da se seznanite s politiko zasebnosti spletnega mesta tretje osebe.<\/p><p><strong>9. Kon\u010dne dolo\u010dbe<\/strong><\/p><p>9.1. Uporabnik lahko pridobi pojasnila o vseh vpra\u0161anjih v zvezi z obdelavo svojih osebnih podatkov tako, da se prek e-po\u0161te obrne na upravljavca. \u010ce upravljavec od uporabnika prejme sporo\u010dilo o nepoobla\u0161\u010deni obdelavi njegovih osebnih podatkov, bo v trenutku prejema sporo\u010dila in do razjasnitve vseh okoli\u0161\u010din obdelave te informacije blokiral.<\/p><p>9.2. Ta dokument bo odra\u017eal vse spremembe upravljav\u010deve politike obdelave osebnih podatkov. Politika velja za nedolo\u010den \u010das, dokler je ne nadomesti nova razli\u010dica.<\/p><p>9.3. Trenutna razli\u010dica Politike je prosto dostopna na spletu na naslednjem naslovu: https:\/\/ritaspark.com\/privacy-policy\/.<\/p><p>9.4. \u010ce se uporabnik ne strinja s to Politiko zasebnosti, ne sme uporabljati storitev spletnega mesta; v tem primeru se mora vzdr\u017eati obiska spletnega mesta.<\/p>\t\t\t\t\t\t<\/div>\n\t\t\t\t<\/div>\n\t\t\t\t\t<\/div>\n\t\t\t\t<\/div>\n\t\t\t\t<\/div>\n\t\t","protected":false},"excerpt":{"rendered":"<p>Politika zasebnosti Politika zasebnosti RitaSpark.com RitaSpark.com se zavezuje, da bo ohranil va\u0161o zasebnost na na\u0161i spletni strani. Varovanje podatkov, ki nam jih posredujete, je za nas zelo pomembno. Pred uporabo spletnega mesta natan\u010dno preberite to politiko zasebnosti. 1. Splo\u0161ne dolo\u010dbe Ta politika obdelave osebnih podatkov je pripravljena v skladu z ustavo Ruske federacije, civilnim zakonikom [&hellip;]<\/p>\n","protected":false},"author":1,"featured_media":0,"parent":0,"menu_order":0,"comment_status":"closed","ping_status":"closed","template":"elementor_canvas","meta":{"footnotes":""},"class_list":["post-1975","page","type-page","status-publish","hentry"],"_links":{"self":[{"href":"https:\/\/ritaspark.com\/sl\/wp-json\/wp\/v2\/pages\/1975","targetHints":{"allow":["GET"]}}],"collection":[{"href":"https:\/\/ritaspark.com\/sl\/wp-json\/wp\/v2\/pages"}],"about":[{"href":"https:\/\/ritaspark.com\/sl\/wp-json\/wp\/v2\/types\/page"}],"author":[{"embeddable":true,"href":"https:\/\/ritaspark.com\/sl\/wp-json\/wp\/v2\/users\/1"}],"replies":[{"embeddable":true,"href":"https:\/\/ritaspark.com\/sl\/wp-json\/wp\/v2\/comments?post=1975"}],"version-history":[{"count":22,"href":"https:\/\/ritaspark.com\/sl\/wp-json\/wp\/v2\/pages\/1975\/revisions"}],"predecessor-version":[{"id":2235,"href":"https:\/\/ritaspark.com\/sl\/wp-json\/wp\/v2\/pages\/1975\/revisions\/2235"}],"wp:attachment":[{"href":"https:\/\/ritaspark.com\/sl\/wp-json\/wp\/v2\/media?parent=1975"}],"curies":[{"name":"wp","href":"https:\/\/api.w.org\/{rel}","templated":true}]}}